{"id":27866,"date":"2021-10-11T05:45:51","date_gmt":"2021-10-11T05:45:51","guid":{"rendered":"https:\/\/alltecglobal.com\/?page_id=27866"},"modified":"2021-10-11T05:45:51","modified_gmt":"2021-10-11T05:45:51","slug":"custom-spds","status":"publish","type":"page","link":"https:\/\/alltecglobal.com\/es\/productos-2\/supresion-de-sobretensiones\/spds-personalizados\/","title":{"rendered":"SPD personalizados"},"content":{"rendered":"<p>[et_pb_section admin_label = \u201dsection\u201d fullwidth = \u201don\u201d especialidad = \u201doff\u201d transparent_background = \u201doff\u201d allow_player_pause = \u201doff\u201d inner_shadow = \u201doff\u201d parallax = \u201doff\u201d parallax_method = \u201doff\u201d custom_padding = \u201d|\u201d padding_mobile = \u201doff\u201d make_fullwidth = \u201doff\u201d use_custom_width = \u201doff\u201d width_unit = \u201don\u201d make_equal = \u201doff\u201d use_custom_gutter = \u201doff\u201d module_class = \u201dsubpage-header\u201d] [et_pb_fullwidth_header admin_label = \u201dSub Page Header\u201d t\u00edtulo Dispositivos de protecci\u00f3n contra sobretensiones personalizados \u201dbackground_layout =\u201d dark \u201dtext_orientation =\u201d left \u201dheader_fullscreen =\u201d off \u201dheader_scroll_down =\u201d off \u201dbackground_url =\u201d \/ altechold \/ wp-content \/ uploads \/ data-centers-header.jpg \u201dparalaje =\u201d off \u201d parallax_method = \u201doff\u201d content_orientation = \u201dcenter\u201d image_orientation = \u201dcenter\u201d custom_button_one = \u201doff\u201d button_one_letter_spacing = \u201d0 \u2033 button_one_use_icon =\u201d default \u201dbutton_one_icon_placement =\u201d right \u201dbutton_one_on_hover =\u201d on \u201dbutton_one_oletter_spacing\u201d button_two_letter_spacing = \u201d0 \u2033 button_two_use_icon =\u201d default \u201dbutton_two_icon_placement =\u201d right \u201dbutton_two_on_hover =\u201d on \u201dbutton_two_letter_spacing_hover =\u201d 0 \u2033 title_font_size = \u201d60px\u201d] [\/ et_pb_full_width_section = \u201d &quot;Especialidad =&quot; apagado &quot; transparent_background = \u201doff\u201d background_color = \u201d#125186 \u2033 allow_player_pause =\u201d off \u201dinner_shadow =\u201d off \u201dparallax =\u201d off \u201dparallax_method =\u201d off \u201dpadding_mobile =\u201d off \u201dmake_fullwidth =\u201d off \u201duse_custom_width =\u201d off \u201dwidth_unit =\u201d make_equal = \u201doff\u201d use_custom_gutter = \u201doff\u201d module_id = \u201dsubmen\u00fa de servicios\u201d] [et_pb_row admin_label = \u201dRow\u201d make_fullwidth = \u201doff\u201d use_custom_width = \u201doff\u201d width_unit = \u201don\u201d use_custom_gutter = \u201doff\u201d gutter_width = \u201d 3 \u2033 padding_mobile = \u201doff\u201d allow_player_pause = \u201doff\u201d parallax = \u201doff\u201d parallax_method = \u201doff\u201d make_equal = \u201doff\u201d parallax_1 = \u201doff\u201d parallax_method_1 = \u201doff\u201d parallax_2 = \u201doff\u201d parallax_method_2 = \u201doff\u201d column_padding_mobile off \u201d] [et_pb_column type =\u201d 2_3 \u2033] [et_pb_text admin_label = \u201dSub-Header\u201d background_layout = \u201ddark\u201d text_orientation = \u201dleft\u201d use_border_color = \u201doff\u201d border_color = \u201d#ffffff\u201d border_style = \u201dsolid\u201d]<\/p>\n<p>SPD personalizados<br \/>\n[\/ et_pb_text] [\/ et_pb_column] [et_pb_column type = \u201d1_3 \u2033] [et_pb_text admin_label =\u201d Otros productos de supresi\u00f3n de sobretensiones \u201dbackground_layout =\u201d light \u201dtext_orientation =\u201d left \u201duse_border_color =\u201d off \u201dborder_color =\u201d #ff_style = \u201dff \u201d \u201dModule_class =\u201d sub-menu-code \u201d]<\/p>\n<p>Otros productos de supresi\u00f3n de sobretensiones<br \/>\nSerie AMV<br \/>\nSerie PB y PM<br \/>\nSerie KSB<br \/>\nSerie AD<br \/>\nADSx, LP, AM<br \/>\nSPD personalizados<br \/>\n[\/ et_pb_text] [\/ et_pb_column] [\/ et_pb_row] [\/ et_pb_section] [et_pb_section admin_label = \u201dsecci\u00f3n\u201d fullwidth = \u201doff\u201d especialidad = \u201don\u201d transparent_background = \u201doff\u201d allow_player_pause = \u201doff\u201d inner_shadow = \u201doff\u201d parallax \u201dOff\u201d parallax_method = \u201doff\u201d padding_mobile = \u201doff\u201d module_class = \u201dsubpage-content\u201d make_fullwidth = \u201doff\u201d use_custom_width = \u201doff\u201d width_unit = \u201don\u201d make_equal = \u201doff\u201d use_custom_gutter = \u201doff\u201d] [et_pb_column type = \u201d1_4 \u2033] [et_pb_sidebar admin_label =\u201d Sidebar - Breadcrumbs \u201dorientaci\u00f3n =\u201d izquierda \u201d\u00e1rea =\u201d et_pb_widget_area_3 \u2033 background_layout = \u201dlight\u201d remove_border = \u201doff\u201d]<br \/>\n[\/ et_pb_sidebar] [et_pb_text admin_label = \u201dImagen\u201d background_layout = \u201dlight\u201d text_orientation = \u201dleft\u201d use_border_color = \u201doff\u201d border_color = \u201d#ffffff\u201d border_style = \u201dsolid\u201d]<\/p>\n<p>[\/ et_pb_text] [et_pb_text admin_label = \u201dBot\u00f3n de contacto\u201d background_layout = \u201ddark\u201d text_orientation = \u201dleft\u201d use_border_color = \u201doff\u201d border_color = \u201d#ffffff\u201d border_style = \u201dsolid\u201d background_color = \u201d#ed7523 \u2033 custom_padding =\u201d 20px | 10px | 10px \u201dmodule_class =\u201d sub-contact-btn \u201dSaved_tabs =\u201d all \u201d]<\/p>\n<p>email_Icon_24X24Cont\u00e1ctenos para obtener productos de protecci\u00f3n contra sobretensiones desarrollados a medida para usted.<\/p>\n<p>[\/ et_pb_text] [\/ et_pb_column] [et_pb_column type = \u201d3_4 \u2033 Specialty_columns =\u201d 3 \u2033] [et_pb_row_inner admin_label = \u201drow_inner\u201d padding_mobile = \u201doff\u201d use_custom_gutter = \u201doff\u201d module_class = \u201doff_equipo de p\u00e1gina module_id = \u201dabout-content\u201d] [et_pb_column_inner type = \u201d4_4 \u2033 Saved_specialty_column_type =\u201d 3_4 \u2033] [et_pb_text admin_label = \u201dBloque de contenido 1 \u2033 background_layout =\u201d light \u201dtext_orientation =\u201d left \u201duse_border_color = \u201dffTP\u201d border3_color border_style = &quot;solid&quot; Saved_tabs = &quot;all&quot;]<\/p>\n<p>Si no encuentra una soluci\u00f3n &quot;lista para usar&quot; de nuestra amplia cartera de productos de protecci\u00f3n contra sobretensiones, agradecemos la oportunidad de dise\u00f1ar un SPD industrial personalizado que se adapte a su aplicaci\u00f3n espec\u00edfica.<\/p>\n<p>El experimentado equipo de dise\u00f1o de ingenier\u00eda de ALLTEC ha dise\u00f1ado soluciones de protecci\u00f3n contra sobretensiones el\u00e9ctricas transitorias el\u00e9ctricas industriales confiables para muchos socios en funci\u00f3n de sus requisitos personalizados \u00fanicos. Algunos ejemplos de algunos desaf\u00edos de dise\u00f1o de SPD incluyen la instalaci\u00f3n de una cavidad de carcasa espec\u00edfica, un estilo de conector, un ancho de banda o un nivel de protecci\u00f3n de voltaje espec\u00edfico.<\/p>\n<p>Trabajando juntos creamos la soluci\u00f3n \u00f3ptima para cumplir con los requisitos de su aplicaci\u00f3n. Personalizado no significa caro, el dise\u00f1o y la fabricaci\u00f3n de SPD fiables y robustos de la m\u00e1s alta calidad es nuestra vida. Nuestra misi\u00f3n es superar las expectativas de nuestros clientes, aspirando al m\u00e1s alto nivel de excelencia en nuestros productos y servicios.<\/p>\n<p>[\/ et_pb_text] [et_pb_toggle admin_label = \u201dAplicaciones\u201d title = \u201dAplicaciones\u201d open = \u201doff\u201d open_toggle_background_color = \u201d#1e73be\u201d open_toggle_text_color = \u201d#ffffff\u201d closed_toggle_background_color = \u201d#1eggle_text_background_color =\u201d #1eggle_texto \u201doff\u201d \u201dBorder_style =\u201d solid \u201dtitle_font =\u201d | en ||| \u201d body_text_color = \u201d#ffffff\u201d]<\/p>\n<p>Control de procesos SCADA<br \/>\nInstrumentaci\u00f3n y medici\u00f3n de campo<br \/>\nRadio superior de la torre<br \/>\nNodos de malla inal\u00e1mbricos<br \/>\n[\/ et_pb_toggle] [\/ et_pb_column_inner] [\/ et_pb_row_inner] [\/ et_pb_column] [\/ et_pb_section]<\/p>","protected":false},"excerpt":{"rendered":"<p>[et_pb_section admin_label=\u201dsection\u201d fullwidth=\u201don\u201d specialty=\u201doff\u201d transparent_background=\u201doff\u201d allow_player_pause=\u201doff\u201d inner_shadow=\u201doff\u201d parallax=\u201doff\u201d parallax_method=\u201doff\u201d custom_padding=\u201d|\u201d padding_mobile=\u201doff\u201d make_fullwidth=\u201doff\u201d use_custom_width=\u201doff\u201d width_unit=\u201don\u201d make_equal=\u201doff\u201d use_custom_gutter=\u201doff\u201d module_class=\u201dsubpage-header\u201d][et_pb_fullwidth_header admin_label=\u201dSub Page Header\u201d title=\u201dCustom Surge Protection Devices\u201d background_layout=\u201ddark\u201d text_orientation=\u201dleft\u201d header_fullscreen=\u201doff\u201d header_scroll_down=\u201doff\u201d background_url=\u201d\/altechold\/wp-content\/uploads\/data-centers-header.jpg\u201d parallax=\u201doff\u201d parallax_method=\u201doff\u201d content_orientation=\u201dcenter\u201d image_orientation=\u201dcenter\u201d custom_button_one=\u201doff\u201d button_one_letter_spacing=\u201d0\u2033 button_one_use_icon=\u201ddefault\u201d button_one_icon_placement=\u201dright\u201d button_one_on_hover=\u201don\u201d button_one_letter_spacing_hover=\u201d0\u2033 custom_button_two=\u201doff\u201d [&hellip;]<\/p>","protected":false},"author":6,"featured_media":0,"parent":562,"menu_order":0,"comment_status":"closed","ping_status":"closed","template":"","meta":{"footnotes":""},"class_list":["post-27866","page","type-page","status-publish","hentry"],"aioseo_notices":[],"yoast_head":"<!-- This site is optimized with the Yoast SEO plugin v22.7 - https:\/\/yoast.com\/wordpress\/plugins\/seo\/ -->\n<title>Custom SPD\u2019s - ALLTEC\u2019s<\/title>\n<meta name=\"robots\" content=\"index, follow, max-snippet:-1, max-image-preview:large, max-video-preview:-1\" \/>\n<link rel=\"canonical\" href=\"https:\/\/alltecglobal.com\/es\/productos-2\/supresion-de-sobretensiones\/spds-personalizados\/\" \/>\n<meta property=\"og:locale\" content=\"es_ES\" \/>\n<meta property=\"og:type\" content=\"article\" \/>\n<meta property=\"og:title\" content=\"Custom SPD\u2019s - ALLTEC\u2019s\" \/>\n<meta property=\"og:description\" content=\"[et_pb_section admin_label=\u201dsection\u201d fullwidth=\u201don\u201d specialty=\u201doff\u201d transparent_background=\u201doff\u201d allow_player_pause=\u201doff\u201d inner_shadow=\u201doff\u201d parallax=\u201doff\u201d parallax_method=\u201doff\u201d custom_padding=\u201d|\u201d padding_mobile=\u201doff\u201d make_fullwidth=\u201doff\u201d use_custom_width=\u201doff\u201d width_unit=\u201don\u201d make_equal=\u201doff\u201d use_custom_gutter=\u201doff\u201d module_class=\u201dsubpage-header\u201d][et_pb_fullwidth_header admin_label=\u201dSub Page Header\u201d title=\u201dCustom Surge Protection Devices\u201d background_layout=\u201ddark\u201d text_orientation=\u201dleft\u201d header_fullscreen=\u201doff\u201d header_scroll_down=\u201doff\u201d background_url=\u201d\/altechold\/wp-content\/uploads\/data-centers-header.jpg\u201d parallax=\u201doff\u201d parallax_method=\u201doff\u201d content_orientation=\u201dcenter\u201d image_orientation=\u201dcenter\u201d custom_button_one=\u201doff\u201d button_one_letter_spacing=\u201d0\u2033 button_one_use_icon=\u201ddefault\u201d button_one_icon_placement=\u201dright\u201d button_one_on_hover=\u201don\u201d button_one_letter_spacing_hover=\u201d0\u2033 custom_button_two=\u201doff\u201d [&hellip;]\" \/>\n<meta property=\"og:url\" content=\"https:\/\/alltecglobal.com\/es\/productos-2\/supresion-de-sobretensiones\/spds-personalizados\/\" \/>\n<meta property=\"og:site_name\" content=\"ALLTEC\u2019s\" \/>\n<meta name=\"twitter:card\" content=\"summary_large_image\" \/>\n<meta name=\"twitter:label1\" content=\"Tiempo de lectura\" \/>\n\t<meta name=\"twitter:data1\" content=\"4 minutos\" \/>\n<script type=\"application\/ld+json\" class=\"yoast-schema-graph\">{\"@context\":\"https:\/\/schema.org\",\"@graph\":[{\"@type\":\"WebPage\",\"@id\":\"https:\/\/alltecglobal.com\/products\/surge-suppression\/custom-spds\/\",\"url\":\"https:\/\/alltecglobal.com\/products\/surge-suppression\/custom-spds\/\",\"name\":\"Custom SPD\u2019s - ALLTEC\u2019s\",\"isPartOf\":{\"@id\":\"https:\/\/alltecglobal.com\/es\/#website\"},\"datePublished\":\"2021-10-11T05:45:51+00:00\",\"dateModified\":\"2021-10-11T05:45:51+00:00\",\"breadcrumb\":{\"@id\":\"https:\/\/alltecglobal.com\/products\/surge-suppression\/custom-spds\/#breadcrumb\"},\"inLanguage\":\"es\",\"potentialAction\":[{\"@type\":\"ReadAction\",\"target\":[\"https:\/\/alltecglobal.com\/products\/surge-suppression\/custom-spds\/\"]}]},{\"@type\":\"BreadcrumbList\",\"@id\":\"https:\/\/alltecglobal.com\/products\/surge-suppression\/custom-spds\/#breadcrumb\",\"itemListElement\":[{\"@type\":\"ListItem\",\"position\":1,\"name\":\"Home\",\"item\":\"https:\/\/alltecglobal.com\/\"},{\"@type\":\"ListItem\",\"position\":2,\"name\":\"Solutions\",\"item\":\"https:\/\/alltecglobal.com\/products\/\"},{\"@type\":\"ListItem\",\"position\":3,\"name\":\"Surge Suppression\",\"item\":\"https:\/\/alltecglobal.com\/products\/surge-suppression\/\"},{\"@type\":\"ListItem\",\"position\":4,\"name\":\"Custom SPD\u2019s\"}]},{\"@type\":\"WebSite\",\"@id\":\"https:\/\/alltecglobal.com\/es\/#website\",\"url\":\"https:\/\/alltecglobal.com\/es\/\",\"name\":\"ALLTEC\u2019s\",\"description\":\"ALLTEC\u2019s lightning protection, surge protection, grounding, power quality products protects operations, property, or personnel from lightning risks.\",\"potentialAction\":[{\"@type\":\"SearchAction\",\"target\":{\"@type\":\"EntryPoint\",\"urlTemplate\":\"https:\/\/alltecglobal.com\/es\/?s={search_term_string}\"},\"query-input\":\"required name=search_term_string\"}],\"inLanguage\":\"es\"}]}<\/script>\n<!-- \/ Yoast SEO plugin. -->","yoast_head_json":{"title":"Custom SPD\u2019s - ALLTEC\u2019s","robots":{"index":"index","follow":"follow","max-snippet":"max-snippet:-1","max-image-preview":"max-image-preview:large","max-video-preview":"max-video-preview:-1"},"canonical":"https:\/\/alltecglobal.com\/es\/productos-2\/supresion-de-sobretensiones\/spds-personalizados\/","og_locale":"es_ES","og_type":"article","og_title":"Custom SPD\u2019s - ALLTEC\u2019s","og_description":"[et_pb_section admin_label=\u201dsection\u201d fullwidth=\u201don\u201d specialty=\u201doff\u201d transparent_background=\u201doff\u201d allow_player_pause=\u201doff\u201d inner_shadow=\u201doff\u201d parallax=\u201doff\u201d parallax_method=\u201doff\u201d custom_padding=\u201d|\u201d padding_mobile=\u201doff\u201d make_fullwidth=\u201doff\u201d use_custom_width=\u201doff\u201d width_unit=\u201don\u201d make_equal=\u201doff\u201d use_custom_gutter=\u201doff\u201d module_class=\u201dsubpage-header\u201d][et_pb_fullwidth_header admin_label=\u201dSub Page Header\u201d title=\u201dCustom Surge Protection Devices\u201d background_layout=\u201ddark\u201d text_orientation=\u201dleft\u201d header_fullscreen=\u201doff\u201d header_scroll_down=\u201doff\u201d background_url=\u201d\/altechold\/wp-content\/uploads\/data-centers-header.jpg\u201d parallax=\u201doff\u201d parallax_method=\u201doff\u201d content_orientation=\u201dcenter\u201d image_orientation=\u201dcenter\u201d custom_button_one=\u201doff\u201d button_one_letter_spacing=\u201d0\u2033 button_one_use_icon=\u201ddefault\u201d button_one_icon_placement=\u201dright\u201d button_one_on_hover=\u201don\u201d button_one_letter_spacing_hover=\u201d0\u2033 custom_button_two=\u201doff\u201d [&hellip;]","og_url":"https:\/\/alltecglobal.com\/es\/productos-2\/supresion-de-sobretensiones\/spds-personalizados\/","og_site_name":"ALLTEC\u2019s","twitter_card":"summary_large_image","twitter_misc":{"Tiempo de lectura":"4 minutos"},"schema":{"@context":"https:\/\/schema.org","@graph":[{"@type":"WebPage","@id":"https:\/\/alltecglobal.com\/products\/surge-suppression\/custom-spds\/","url":"https:\/\/alltecglobal.com\/products\/surge-suppression\/custom-spds\/","name":"Custom SPD\u2019s - ALLTEC\u2019s","isPartOf":{"@id":"https:\/\/alltecglobal.com\/es\/#website"},"datePublished":"2021-10-11T05:45:51+00:00","dateModified":"2021-10-11T05:45:51+00:00","breadcrumb":{"@id":"https:\/\/alltecglobal.com\/products\/surge-suppression\/custom-spds\/#breadcrumb"},"inLanguage":"es","potentialAction":[{"@type":"ReadAction","target":["https:\/\/alltecglobal.com\/products\/surge-suppression\/custom-spds\/"]}]},{"@type":"BreadcrumbList","@id":"https:\/\/alltecglobal.com\/products\/surge-suppression\/custom-spds\/#breadcrumb","itemListElement":[{"@type":"ListItem","position":1,"name":"Home","item":"https:\/\/alltecglobal.com\/"},{"@type":"ListItem","position":2,"name":"Solutions","item":"https:\/\/alltecglobal.com\/products\/"},{"@type":"ListItem","position":3,"name":"Surge Suppression","item":"https:\/\/alltecglobal.com\/products\/surge-suppression\/"},{"@type":"ListItem","position":4,"name":"Custom SPD\u2019s"}]},{"@type":"WebSite","@id":"https:\/\/alltecglobal.com\/es\/#website","url":"https:\/\/alltecglobal.com\/es\/","name":"ALLTEC\u2019s","description":"ALLTEC\u2019s lightning protection, surge protection, grounding, power quality products protects operations, property, or personnel from lightning risks.","potentialAction":[{"@type":"SearchAction","target":{"@type":"EntryPoint","urlTemplate":"https:\/\/alltecglobal.com\/es\/?s={search_term_string}"},"query-input":"required name=search_term_string"}],"inLanguage":"es"}]}},"_links":{"self":[{"href":"https:\/\/alltecglobal.com\/es\/wp-json\/wp\/v2\/pages\/27866","targetHints":{"allow":["GET"]}}],"collection":[{"href":"https:\/\/alltecglobal.com\/es\/wp-json\/wp\/v2\/pages"}],"about":[{"href":"https:\/\/alltecglobal.com\/es\/wp-json\/wp\/v2\/types\/page"}],"author":[{"embeddable":true,"href":"https:\/\/alltecglobal.com\/es\/wp-json\/wp\/v2\/users\/6"}],"replies":[{"embeddable":true,"href":"https:\/\/alltecglobal.com\/es\/wp-json\/wp\/v2\/comments?post=27866"}],"version-history":[{"count":0,"href":"https:\/\/alltecglobal.com\/es\/wp-json\/wp\/v2\/pages\/27866\/revisions"}],"up":[{"embeddable":true,"href":"https:\/\/alltecglobal.com\/es\/wp-json\/wp\/v2\/pages\/562"}],"wp:attachment":[{"href":"https:\/\/alltecglobal.com\/es\/wp-json\/wp\/v2\/media?parent=27866"}],"curies":[{"name":"wp","href":"https:\/\/api.w.org\/{rel}","templated":true}]}}