{"id":27951,"date":"2021-10-11T11:18:18","date_gmt":"2021-10-11T11:18:18","guid":{"rendered":"https:\/\/alltecglobal.com\/?page_id=27951"},"modified":"2021-10-11T11:20:23","modified_gmt":"2021-10-11T11:20:23","slug":"copper-ground-plate-assemblies","status":"publish","type":"page","link":"https:\/\/alltecglobal.com\/es\/catalogar\/conjuntos-de-placa-de-tierra-de-cobre\/","title":{"rendered":"Ensambles de placa de tierra de cobre"},"content":{"rendered":"<h1>PLACAS DE TIERRA<\/h1>\n<p>Las placas de tierra son placas de metal que est\u00e1n enterradas en el suelo y unidas a un cable de conexi\u00f3n a tierra de cobre #6. Las placas se eligen t\u00edpicamente cuando las condiciones del suelo no pueden acomodar una varilla de puesta a tierra de 8 pies. Tambi\u00e9n se pueden elegir placas de puesta a tierra si hay condiciones rocosas presentes. Estas placas sirven como dispositivos de protecci\u00f3n contra rayos, sistemas de pararrayos de puesta a tierra, antenas e incluso paneles el\u00e9ctricos. Los dispositivos de protecci\u00f3n contra rayos sirven para descargar energ\u00eda en el suelo y lejos de los sistemas que sirven para proteger. Para que estos dispositivos funcionen correctamente y eviten da\u00f1os, se necesita un sistema de conexi\u00f3n a tierra adecuado para proporcionar un camino para que viaje esa energ\u00eda. Se debe considerar la resistencia a tierra durante este proceso de instalaci\u00f3n; Se pueden instalar electrodos adicionales para reducir la resistencia si es necesario. Las placas de suelo deben instalarse en un \u00e1rea que sea naturalmente h\u00fameda o que tenga acceso a sistemas de rociadores. Debe estar aproximadamente a 10-25 pies de distancia del sistema al que est\u00e1 conectado a tierra y al menos 30 pulgadas de profundidad. Una vez que se cava un hoyo y se coloca la placa, es imperativo que la placa tenga pleno contacto con el suelo. Se requerir\u00e1 un cable de tierra #6 para este proyecto para conectar la placa de conexi\u00f3n a tierra al sistema que se est\u00e1 conectando a tierra.<\/p>","protected":false},"excerpt":{"rendered":"<p>GROUND PLATES Ground plates are metal plates that are buried into the ground attached to a #6 copper grounding cable. Plates are typically chosen when ground conditions are unable to accommodate an 8 foot grounding rod. Grounding plates may also [&hellip;]<\/p>","protected":false},"author":6,"featured_media":0,"parent":1277,"menu_order":0,"comment_status":"closed","ping_status":"closed","template":"","meta":{"footnotes":""},"class_list":["post-27951","page","type-page","status-publish","hentry"],"aioseo_notices":[],"yoast_head":"<!-- This site is optimized with the Yoast SEO plugin v22.7 - https:\/\/yoast.com\/wordpress\/plugins\/seo\/ -->\n<title>Copper Ground Plate Assemblies - ALLTEC\u2019s<\/title>\n<meta name=\"robots\" content=\"index, follow, max-snippet:-1, max-image-preview:large, max-video-preview:-1\" \/>\n<link rel=\"canonical\" href=\"https:\/\/alltecglobal.com\/es\/catalogar\/conjuntos-de-placa-de-tierra-de-cobre\/\" \/>\n<meta property=\"og:locale\" content=\"es_ES\" \/>\n<meta property=\"og:type\" content=\"article\" \/>\n<meta property=\"og:title\" content=\"Copper Ground Plate Assemblies - ALLTEC\u2019s\" \/>\n<meta property=\"og:description\" content=\"GROUND PLATES Ground plates are metal plates that are buried into the ground attached to a #6 copper grounding cable. Plates are typically chosen when ground conditions are unable to accommodate an 8 foot grounding rod. Grounding plates may also [&hellip;]\" \/>\n<meta property=\"og:url\" content=\"https:\/\/alltecglobal.com\/es\/catalogar\/conjuntos-de-placa-de-tierra-de-cobre\/\" \/>\n<meta property=\"og:site_name\" content=\"ALLTEC\u2019s\" \/>\n<meta property=\"article:modified_time\" content=\"2021-10-11T11:20:23+00:00\" \/>\n<meta name=\"twitter:card\" content=\"summary_large_image\" \/>\n<meta name=\"twitter:label1\" content=\"Tiempo de lectura\" \/>\n\t<meta name=\"twitter:data1\" content=\"1 minuto\" \/>\n<script type=\"application\/ld+json\" class=\"yoast-schema-graph\">{\"@context\":\"https:\/\/schema.org\",\"@graph\":[{\"@type\":\"WebPage\",\"@id\":\"https:\/\/alltecglobal.com\/catalog\/copper-ground-plate-assemblies\/\",\"url\":\"https:\/\/alltecglobal.com\/catalog\/copper-ground-plate-assemblies\/\",\"name\":\"Copper Ground Plate Assemblies - ALLTEC\u2019s\",\"isPartOf\":{\"@id\":\"https:\/\/alltecglobal.com\/es\/#website\"},\"datePublished\":\"2021-10-11T11:18:18+00:00\",\"dateModified\":\"2021-10-11T11:20:23+00:00\",\"breadcrumb\":{\"@id\":\"https:\/\/alltecglobal.com\/catalog\/copper-ground-plate-assemblies\/#breadcrumb\"},\"inLanguage\":\"es\",\"potentialAction\":[{\"@type\":\"ReadAction\",\"target\":[\"https:\/\/alltecglobal.com\/catalog\/copper-ground-plate-assemblies\/\"]}]},{\"@type\":\"BreadcrumbList\",\"@id\":\"https:\/\/alltecglobal.com\/catalog\/copper-ground-plate-assemblies\/#breadcrumb\",\"itemListElement\":[{\"@type\":\"ListItem\",\"position\":1,\"name\":\"Home\",\"item\":\"https:\/\/alltecglobal.com\/\"},{\"@type\":\"ListItem\",\"position\":2,\"name\":\"Online Catalog\",\"item\":\"https:\/\/alltecglobal.com\/catalog\/\"},{\"@type\":\"ListItem\",\"position\":3,\"name\":\"Copper Ground Plate Assemblies\"}]},{\"@type\":\"WebSite\",\"@id\":\"https:\/\/alltecglobal.com\/es\/#website\",\"url\":\"https:\/\/alltecglobal.com\/es\/\",\"name\":\"ALLTEC\u2019s\",\"description\":\"ALLTEC\u2019s lightning protection, surge protection, grounding, power quality products protects operations, property, or personnel from lightning risks.\",\"potentialAction\":[{\"@type\":\"SearchAction\",\"target\":{\"@type\":\"EntryPoint\",\"urlTemplate\":\"https:\/\/alltecglobal.com\/es\/?s={search_term_string}\"},\"query-input\":\"required name=search_term_string\"}],\"inLanguage\":\"es\"}]}<\/script>\n<!-- \/ Yoast SEO plugin. -->","yoast_head_json":{"title":"Copper Ground Plate Assemblies - ALLTEC\u2019s","robots":{"index":"index","follow":"follow","max-snippet":"max-snippet:-1","max-image-preview":"max-image-preview:large","max-video-preview":"max-video-preview:-1"},"canonical":"https:\/\/alltecglobal.com\/es\/catalogar\/conjuntos-de-placa-de-tierra-de-cobre\/","og_locale":"es_ES","og_type":"article","og_title":"Copper Ground Plate Assemblies - ALLTEC\u2019s","og_description":"GROUND PLATES Ground plates are metal plates that are buried into the ground attached to a #6 copper grounding cable. Plates are typically chosen when ground conditions are unable to accommodate an 8 foot grounding rod. Grounding plates may also [&hellip;]","og_url":"https:\/\/alltecglobal.com\/es\/catalogar\/conjuntos-de-placa-de-tierra-de-cobre\/","og_site_name":"ALLTEC\u2019s","article_modified_time":"2021-10-11T11:20:23+00:00","twitter_card":"summary_large_image","twitter_misc":{"Tiempo de lectura":"1 minuto"},"schema":{"@context":"https:\/\/schema.org","@graph":[{"@type":"WebPage","@id":"https:\/\/alltecglobal.com\/catalog\/copper-ground-plate-assemblies\/","url":"https:\/\/alltecglobal.com\/catalog\/copper-ground-plate-assemblies\/","name":"Copper Ground Plate Assemblies - ALLTEC\u2019s","isPartOf":{"@id":"https:\/\/alltecglobal.com\/es\/#website"},"datePublished":"2021-10-11T11:18:18+00:00","dateModified":"2021-10-11T11:20:23+00:00","breadcrumb":{"@id":"https:\/\/alltecglobal.com\/catalog\/copper-ground-plate-assemblies\/#breadcrumb"},"inLanguage":"es","potentialAction":[{"@type":"ReadAction","target":["https:\/\/alltecglobal.com\/catalog\/copper-ground-plate-assemblies\/"]}]},{"@type":"BreadcrumbList","@id":"https:\/\/alltecglobal.com\/catalog\/copper-ground-plate-assemblies\/#breadcrumb","itemListElement":[{"@type":"ListItem","position":1,"name":"Home","item":"https:\/\/alltecglobal.com\/"},{"@type":"ListItem","position":2,"name":"Online Catalog","item":"https:\/\/alltecglobal.com\/catalog\/"},{"@type":"ListItem","position":3,"name":"Copper Ground Plate Assemblies"}]},{"@type":"WebSite","@id":"https:\/\/alltecglobal.com\/es\/#website","url":"https:\/\/alltecglobal.com\/es\/","name":"ALLTEC\u2019s","description":"ALLTEC\u2019s lightning protection, surge protection, grounding, power quality products protects operations, property, or personnel from lightning risks.","potentialAction":[{"@type":"SearchAction","target":{"@type":"EntryPoint","urlTemplate":"https:\/\/alltecglobal.com\/es\/?s={search_term_string}"},"query-input":"required name=search_term_string"}],"inLanguage":"es"}]}},"_links":{"self":[{"href":"https:\/\/alltecglobal.com\/es\/wp-json\/wp\/v2\/pages\/27951","targetHints":{"allow":["GET"]}}],"collection":[{"href":"https:\/\/alltecglobal.com\/es\/wp-json\/wp\/v2\/pages"}],"about":[{"href":"https:\/\/alltecglobal.com\/es\/wp-json\/wp\/v2\/types\/page"}],"author":[{"embeddable":true,"href":"https:\/\/alltecglobal.com\/es\/wp-json\/wp\/v2\/users\/6"}],"replies":[{"embeddable":true,"href":"https:\/\/alltecglobal.com\/es\/wp-json\/wp\/v2\/comments?post=27951"}],"version-history":[{"count":0,"href":"https:\/\/alltecglobal.com\/es\/wp-json\/wp\/v2\/pages\/27951\/revisions"}],"up":[{"embeddable":true,"href":"https:\/\/alltecglobal.com\/es\/wp-json\/wp\/v2\/pages\/1277"}],"wp:attachment":[{"href":"https:\/\/alltecglobal.com\/es\/wp-json\/wp\/v2\/media?parent=27951"}],"curies":[{"name":"wp","href":"https:\/\/api.w.org\/{rel}","templated":true}]}}